{"id":1668,"date":"2025-03-26T13:16:40","date_gmt":"2025-03-26T12:16:40","guid":{"rendered":"https:\/\/lunycar.sk\/vw-golf-variant-alltrack-20-tdi-automat-135-kw\/"},"modified":"2025-03-26T14:07:13","modified_gmt":"2025-03-26T13:07:13","slug":"vw-golf-variant-alltrack-20-tdi-automat-135-kw","status":"publish","type":"page","link":"https:\/\/lunycar.sk\/en\/vw-golf-variant-alltrack-20-tdi-automat-135-kw\/","title":{"rendered":"VW GOLF Variant Alltrack 2,0 TDi automat 135 kW"},"content":{"rendered":"[vc_row type=&#8221;in_container&#8221; full_screen_row_position=&#8221;middle&#8221; column_margin=&#8221;default&#8221; column_direction=&#8221;default&#8221; column_direction_tablet=&#8221;default&#8221; column_direction_phone=&#8221;default&#8221; scene_position=&#8221;center&#8221; text_color=&#8221;dark&#8221; text_align=&#8221;left&#8221; row_border_radius=&#8221;none&#8221; row_border_radius_applies=&#8221;bg&#8221; overflow=&#8221;visible&#8221; overlay_strength=&#8221;0.3&#8243; gradient_direction=&#8221;left_to_right&#8221; shape_divider_position=&#8221;bottom&#8221; bg_image_animation=&#8221;none&#8221;][vc_column column_padding=&#8221;no-extra-padding&#8221; column_padding_tablet=&#8221;inherit&#8221; column_padding_phone=&#8221;inherit&#8221; column_padding_position=&#8221;all&#8221; column_element_direction_desktop=&#8221;default&#8221; column_element_spacing=&#8221;default&#8221; desktop_text_alignment=&#8221;default&#8221; tablet_text_alignment=&#8221;default&#8221; phone_text_alignment=&#8221;default&#8221; background_color_opacity=&#8221;1&#8243; background_hover_color_opacity=&#8221;1&#8243; column_backdrop_filter=&#8221;none&#8221; column_shadow=&#8221;none&#8221; column_border_radius=&#8221;none&#8221; column_link_target=&#8221;_self&#8221; column_position=&#8221;default&#8221; gradient_direction=&#8221;left_to_right&#8221; overlay_strength=&#8221;0.3&#8243; width=&#8221;1\/1&#8243; tablet_width_inherit=&#8221;default&#8221; animation_type=&#8221;default&#8221; bg_image_animation=&#8221;none&#8221; border_type=&#8221;simple&#8221; column_border_width=&#8221;none&#8221; column_border_style=&#8221;solid&#8221;][vc_row_inner column_margin=&#8221;default&#8221; column_direction=&#8221;default&#8221; column_direction_tablet=&#8221;default&#8221; column_direction_phone=&#8221;default&#8221; text_align=&#8221;left&#8221; row_position=&#8221;default&#8221; row_position_tablet=&#8221;inherit&#8221; row_position_phone=&#8221;inherit&#8221; overflow=&#8221;visible&#8221; pointer_events=&#8221;all&#8221;][vc_column_inner column_padding=&#8221;no-extra-padding&#8221; column_padding_tablet=&#8221;inherit&#8221; column_padding_phone=&#8221;inherit&#8221; column_padding_position=&#8221;all&#8221; column_element_direction_desktop=&#8221;default&#8221; column_element_spacing=&#8221;default&#8221; desktop_text_alignment=&#8221;default&#8221; tablet_text_alignment=&#8221;default&#8221; phone_text_alignment=&#8221;default&#8221; background_color_opacity=&#8221;1&#8243; background_hover_color_opacity=&#8221;1&#8243; column_backdrop_filter=&#8221;none&#8221; column_shadow=&#8221;none&#8221; column_border_radius=&#8221;none&#8221; column_link_target=&#8221;_self&#8221; overflow=&#8221;visible&#8221; gradient_direction=&#8221;left_to_right&#8221; overlay_strength=&#8221;0.3&#8243; width=&#8221;1\/2&#8243; tablet_width_inherit=&#8221;default&#8221; animation_type=&#8221;default&#8221; bg_image_animation=&#8221;none&#8221; border_type=&#8221;simple&#8221; column_border_width=&#8221;none&#8221; column_border_style=&#8221;solid&#8221;][vc_gallery type=&#8221;image_grid&#8221; images=&#8221;1649,1647,1651,1657,1653&#8243; image_grid_loading=&#8221;default&#8221; layout=&#8221;3&#8243; masonry_style=&#8221;true&#8221; bypass_image_cropping=&#8221;true&#8221; item_spacing=&#8221;1px&#8221; gallery_style=&#8221;7&#8243; load_in_animation=&#8221;fade_in_from_bottom&#8221;][\/vc_column_inner][vc_column_inner top_padding_phone=&#8221;40&#8243; column_element_direction_desktop=&#8221;default&#8221; column_element_spacing=&#8221;default&#8221; desktop_text_alignment=&#8221;default&#8221; tablet_text_alignment=&#8221;default&#8221; phone_text_alignment=&#8221;default&#8221; background_color_opacity=&#8221;1&#8243; background_hover_color_opacity=&#8221;1&#8243; column_backdrop_filter=&#8221;none&#8221; column_shadow=&#8221;none&#8221; column_border_radius=&#8221;none&#8221; column_link_target=&#8221;_self&#8221; overflow=&#8221;visible&#8221; gradient_direction=&#8221;left_to_right&#8221; overlay_strength=&#8221;0.3&#8243; width=&#8221;1\/2&#8243; tablet_width_inherit=&#8221;default&#8221; animation_type=&#8221;default&#8221; bg_image_animation=&#8221;none&#8221; border_type=&#8221;simple&#8221; column_border_width=&#8221;none&#8221; column_border_style=&#8221;solid&#8221; column_padding_type=&#8221;advanced&#8221; gradient_type=&#8221;default&#8221;][vc_custom_heading text=&#8221;VW Golf Alltrack&#8221; font_container=&#8221;tag:h1|text_align:left&#8221; use_theme_fonts=&#8221;yes&#8221;][vc_custom_heading text=&#8221;Variant 2,0 TDi automat&#8221; use_theme_fonts=&#8221;yes&#8221; el_class=&#8221;font400&#8243;][vc_custom_heading text=&#8221;135 kW&#8221; use_theme_fonts=&#8221;yes&#8221;][vc_column_text]Safety:<br \/>\nABS, Adaptive Cruise Control, Cornering Headlights, Airbags, Alarm, ASR, Brake Assist, Central Locking, Airbag Deactivation, Distance Warning (BAS Plus), Driver Fatigue Detection System (DAW), EBV, Emergency Call System (e-Call), ESP, Immobilizer, Isofix, LED Headlights, Traffic Sign Recognition Assistant (ISLW\/ISLA), Tire Pressure Monitoring System (TPMS)<\/p>\n<p>Comfort:<br \/>\nAir-conditioned compartment, Dual-zone air conditioning, Ambient lighting, Android Auto, Armrest, Athermal windshield, Bluetooth handsfree, Cruise control, Electric trunk control, Electric mirrors, Electric windows 4x, Heated mirrors, Heated seats, Heated steering wheel, Heated windshield, Independent heating, LED lighting, Multifunctional steering wheel, Navigation system, On-board computer, Outdoor thermometer, Parking assistant, Parking sensors, Car radio, Remote lock control, Steering wheel shift, Touch screen, Welcome light, Wireless charging for smartphones<\/p>\n<p>Equipment:<br \/>\nAluminum wheels, Fog lights, Hill start assist, Lane assist, Light sensor, Rain sensor, Roof rack, Stop&amp;start system[\/vc_column_text][nectar_cta btn_style=&#8221;see-through&#8221; heading_tag=&#8221;h6&#8243; button_color=&#8221;accent-color&#8221; text_color=&#8221;#ffffff&#8221; button_border_thickness=&#8221;0px&#8221; link_type=&#8221;regular&#8221; alignment=&#8221;left&#8221; alignment_tablet=&#8221;default&#8221; alignment_phone=&#8221;left&#8221; constrain_group_3=&#8221;yes&#8221; constrain_group_4=&#8221;yes&#8221; display=&#8221;block&#8221; display_tablet=&#8221;inherit&#8221; display_phone=&#8221;inherit&#8221; link_text=&#8221;Request an offer&#8221; padding_top=&#8221;20&#8243; padding_bottom=&#8221;20&#8243; url=&#8221;https:\/\/lunycar.sk\/dopytovy-formular\/&#8221; margin_top=&#8221;50&#8243; margin_bottom=&#8221;30&#8243; padding_left=&#8221;50&#8243; padding_right=&#8221;50&#8243;][\/vc_column_inner][\/vc_row_inner][\/vc_column][\/vc_row]\n","protected":false},"excerpt":{"rendered":"<p>[vc_row type=&#8221;in_container&#8221; full_screen_row_position=&#8221;middle&#8221; column_margin=&#8221;default&#8221; column_direction=&#8221;default&#8221; column_direction_tablet=&#8221;default&#8221; column_direction_phone=&#8221;default&#8221; scene_position=&#8221;center&#8221; text_color=&#8221;dark&#8221; text_align=&#8221;left&#8221; row_border_radius=&#8221;none&#8221; row_border_radius_applies=&#8221;bg&#8221; overflow=&#8221;visible&#8221; overlay_strength=&#8221;0.3&#8243; gradient_direction=&#8221;left_to_right&#8221; shape_divider_position=&#8221;bottom&#8221; bg_image_animation=&#8221;none&#8221;][vc_column column_padding=&#8221;no-extra-padding&#8221; column_padding_tablet=&#8221;inherit&#8221; column_padding_phone=&#8221;inherit&#8221; column_padding_position=&#8221;all&#8221; column_element_direction_desktop=&#8221;default&#8221; column_element_spacing=&#8221;default&#8221; desktop_text_alignment=&#8221;default&#8221; tablet_text_alignment=&#8221;default&#8221; phone_text_alignment=&#8221;default&#8221; background_color_opacity=&#8221;1&#8243; background_hover_color_opacity=&#8221;1&#8243; column_backdrop_filter=&#8221;none&#8221; column_shadow=&#8221;none&#8221;&#8230;<\/p>\n","protected":false},"author":4,"featured_media":0,"parent":0,"menu_order":0,"comment_status":"closed","ping_status":"closed","template":"","meta":{"inline_featured_image":false,"footnotes":""},"class_list":["post-1668","page","type-page","status-publish"],"yoast_head":"<!-- This site is optimized with the Yoast SEO plugin v26.8 - https:\/\/yoast.com\/product\/yoast-seo-wordpress\/ -->\n<title>VW Golf Alltrack<\/title>\n<meta name=\"description\" content=\"spacious, economical, ideal for all weather\" \/>\n<meta name=\"robots\" content=\"index, follow, max-snippet:-1, max-image-preview:large, max-video-preview:-1\" \/>\n<link rel=\"canonical\" href=\"https:\/\/lunycar.sk\/en\/vw-golf-variant-alltrack-20-tdi-automat-135-kw\/\" \/>\n<meta property=\"og:locale\" content=\"en_US\" \/>\n<meta property=\"og:type\" content=\"article\" \/>\n<meta property=\"og:title\" content=\"VW Golf Alltrack\" \/>\n<meta property=\"og:description\" content=\"spacious, economical, ideal for all weather\" \/>\n<meta property=\"og:url\" content=\"https:\/\/lunycar.sk\/en\/vw-golf-variant-alltrack-20-tdi-automat-135-kw\/\" \/>\n<meta property=\"og:site_name\" content=\"Lunycar\" \/>\n<meta property=\"article:modified_time\" content=\"2025-03-26T13:07:13+00:00\" \/>\n<meta name=\"twitter:card\" content=\"summary_large_image\" \/>\n<meta name=\"twitter:label1\" content=\"Est. reading time\" \/>\n\t<meta name=\"twitter:data1\" content=\"3 minutes\" \/>\n<script type=\"application\/ld+json\" class=\"yoast-schema-graph\">{\"@context\":\"https:\/\/schema.org\",\"@graph\":[{\"@type\":\"WebPage\",\"@id\":\"https:\/\/lunycar.sk\/en\/vw-golf-variant-alltrack-20-tdi-automat-135-kw\/\",\"url\":\"https:\/\/lunycar.sk\/en\/vw-golf-variant-alltrack-20-tdi-automat-135-kw\/\",\"name\":\"VW Golf Alltrack\",\"isPartOf\":{\"@id\":\"https:\/\/lunycar.sk\/#website\"},\"datePublished\":\"2025-03-26T12:16:40+00:00\",\"dateModified\":\"2025-03-26T13:07:13+00:00\",\"description\":\"spacious, economical, ideal for all weather\",\"breadcrumb\":{\"@id\":\"https:\/\/lunycar.sk\/en\/vw-golf-variant-alltrack-20-tdi-automat-135-kw\/#breadcrumb\"},\"inLanguage\":\"en-US\",\"potentialAction\":[{\"@type\":\"ReadAction\",\"target\":[\"https:\/\/lunycar.sk\/en\/vw-golf-variant-alltrack-20-tdi-automat-135-kw\/\"]}]},{\"@type\":\"BreadcrumbList\",\"@id\":\"https:\/\/lunycar.sk\/en\/vw-golf-variant-alltrack-20-tdi-automat-135-kw\/#breadcrumb\",\"itemListElement\":[{\"@type\":\"ListItem\",\"position\":1,\"name\":\"Domovsk\u00e1 str\u00e1nka\",\"item\":\"https:\/\/lunycar.sk\/\"},{\"@type\":\"ListItem\",\"position\":2,\"name\":\"VW GOLF Variant Alltrack 2,0 TDi automat 135 kW\"}]},{\"@type\":\"WebSite\",\"@id\":\"https:\/\/lunycar.sk\/#website\",\"url\":\"https:\/\/lunycar.sk\/\",\"name\":\"Lunycar\",\"description\":\"Po\u017ei\u010dov\u0148a \u00e1ut\",\"potentialAction\":[{\"@type\":\"SearchAction\",\"target\":{\"@type\":\"EntryPoint\",\"urlTemplate\":\"https:\/\/lunycar.sk\/?s={search_term_string}\"},\"query-input\":{\"@type\":\"PropertyValueSpecification\",\"valueRequired\":true,\"valueName\":\"search_term_string\"}}],\"inLanguage\":\"en-US\"}]}<\/script>\n<!-- \/ Yoast SEO plugin. -->","yoast_head_json":{"title":"VW Golf Alltrack","description":"spacious, economical, ideal for all weather","robots":{"index":"index","follow":"follow","max-snippet":"max-snippet:-1","max-image-preview":"max-image-preview:large","max-video-preview":"max-video-preview:-1"},"canonical":"https:\/\/lunycar.sk\/en\/vw-golf-variant-alltrack-20-tdi-automat-135-kw\/","og_locale":"en_US","og_type":"article","og_title":"VW Golf Alltrack","og_description":"spacious, economical, ideal for all weather","og_url":"https:\/\/lunycar.sk\/en\/vw-golf-variant-alltrack-20-tdi-automat-135-kw\/","og_site_name":"Lunycar","article_modified_time":"2025-03-26T13:07:13+00:00","twitter_card":"summary_large_image","twitter_misc":{"Est. reading time":"3 minutes"},"schema":{"@context":"https:\/\/schema.org","@graph":[{"@type":"WebPage","@id":"https:\/\/lunycar.sk\/en\/vw-golf-variant-alltrack-20-tdi-automat-135-kw\/","url":"https:\/\/lunycar.sk\/en\/vw-golf-variant-alltrack-20-tdi-automat-135-kw\/","name":"VW Golf Alltrack","isPartOf":{"@id":"https:\/\/lunycar.sk\/#website"},"datePublished":"2025-03-26T12:16:40+00:00","dateModified":"2025-03-26T13:07:13+00:00","description":"spacious, economical, ideal for all weather","breadcrumb":{"@id":"https:\/\/lunycar.sk\/en\/vw-golf-variant-alltrack-20-tdi-automat-135-kw\/#breadcrumb"},"inLanguage":"en-US","potentialAction":[{"@type":"ReadAction","target":["https:\/\/lunycar.sk\/en\/vw-golf-variant-alltrack-20-tdi-automat-135-kw\/"]}]},{"@type":"BreadcrumbList","@id":"https:\/\/lunycar.sk\/en\/vw-golf-variant-alltrack-20-tdi-automat-135-kw\/#breadcrumb","itemListElement":[{"@type":"ListItem","position":1,"name":"Domovsk\u00e1 str\u00e1nka","item":"https:\/\/lunycar.sk\/"},{"@type":"ListItem","position":2,"name":"VW GOLF Variant Alltrack 2,0 TDi automat 135 kW"}]},{"@type":"WebSite","@id":"https:\/\/lunycar.sk\/#website","url":"https:\/\/lunycar.sk\/","name":"Lunycar","description":"Po\u017ei\u010dov\u0148a \u00e1ut","potentialAction":[{"@type":"SearchAction","target":{"@type":"EntryPoint","urlTemplate":"https:\/\/lunycar.sk\/?s={search_term_string}"},"query-input":{"@type":"PropertyValueSpecification","valueRequired":true,"valueName":"search_term_string"}}],"inLanguage":"en-US"}]}},"_links":{"self":[{"href":"https:\/\/lunycar.sk\/en\/wp-json\/wp\/v2\/pages\/1668","targetHints":{"allow":["GET"]}}],"collection":[{"href":"https:\/\/lunycar.sk\/en\/wp-json\/wp\/v2\/pages"}],"about":[{"href":"https:\/\/lunycar.sk\/en\/wp-json\/wp\/v2\/types\/page"}],"author":[{"embeddable":true,"href":"https:\/\/lunycar.sk\/en\/wp-json\/wp\/v2\/users\/4"}],"replies":[{"embeddable":true,"href":"https:\/\/lunycar.sk\/en\/wp-json\/wp\/v2\/comments?post=1668"}],"version-history":[{"count":3,"href":"https:\/\/lunycar.sk\/en\/wp-json\/wp\/v2\/pages\/1668\/revisions"}],"predecessor-version":[{"id":1678,"href":"https:\/\/lunycar.sk\/en\/wp-json\/wp\/v2\/pages\/1668\/revisions\/1678"}],"wp:attachment":[{"href":"https:\/\/lunycar.sk\/en\/wp-json\/wp\/v2\/media?parent=1668"}],"curies":[{"name":"wp","href":"https:\/\/api.w.org\/{rel}","templated":true}]}}