{"id":1587,"date":"2024-03-06T13:14:43","date_gmt":"2024-03-06T12:14:43","guid":{"rendered":"https:\/\/lunycar.sk\/toyota-proace-verso-shuttle\/"},"modified":"2024-03-06T15:36:09","modified_gmt":"2024-03-06T14:36:09","slug":"toyota-proace-verso-shuttle","status":"publish","type":"page","link":"https:\/\/lunycar.sk\/en\/toyota-proace-verso-shuttle\/","title":{"rendered":"Toyota Proace Verso Shuttle"},"content":{"rendered":"[vc_row type=&#8221;in_container&#8221; full_screen_row_position=&#8221;middle&#8221; column_margin=&#8221;default&#8221; column_direction=&#8221;default&#8221; column_direction_tablet=&#8221;default&#8221; column_direction_phone=&#8221;default&#8221; scene_position=&#8221;center&#8221; text_color=&#8221;dark&#8221; text_align=&#8221;left&#8221; row_border_radius=&#8221;none&#8221; row_border_radius_applies=&#8221;bg&#8221; overflow=&#8221;visible&#8221; overlay_strength=&#8221;0.3&#8243; gradient_direction=&#8221;left_to_right&#8221; shape_divider_position=&#8221;bottom&#8221; bg_image_animation=&#8221;none&#8221;][vc_column column_padding=&#8221;no-extra-padding&#8221; column_padding_tablet=&#8221;inherit&#8221; column_padding_phone=&#8221;inherit&#8221; column_padding_position=&#8221;all&#8221; column_element_direction_desktop=&#8221;default&#8221; column_element_spacing=&#8221;default&#8221; desktop_text_alignment=&#8221;default&#8221; tablet_text_alignment=&#8221;default&#8221; phone_text_alignment=&#8221;default&#8221; background_color_opacity=&#8221;1&#8243; background_hover_color_opacity=&#8221;1&#8243; column_backdrop_filter=&#8221;none&#8221; column_shadow=&#8221;none&#8221; column_border_radius=&#8221;none&#8221; column_link_target=&#8221;_self&#8221; column_position=&#8221;default&#8221; gradient_direction=&#8221;left_to_right&#8221; overlay_strength=&#8221;0.3&#8243; width=&#8221;1\/1&#8243; tablet_width_inherit=&#8221;default&#8221; animation_type=&#8221;default&#8221; bg_image_animation=&#8221;none&#8221; border_type=&#8221;simple&#8221; column_border_width=&#8221;none&#8221; column_border_style=&#8221;solid&#8221;][vc_row_inner column_margin=&#8221;default&#8221; column_direction=&#8221;default&#8221; column_direction_tablet=&#8221;default&#8221; column_direction_phone=&#8221;default&#8221; text_align=&#8221;left&#8221; row_position=&#8221;default&#8221; row_position_tablet=&#8221;inherit&#8221; row_position_phone=&#8221;inherit&#8221; overflow=&#8221;visible&#8221; pointer_events=&#8221;all&#8221;][vc_column_inner column_padding=&#8221;no-extra-padding&#8221; column_padding_tablet=&#8221;inherit&#8221; column_padding_phone=&#8221;inherit&#8221; column_padding_position=&#8221;all&#8221; column_element_direction_desktop=&#8221;default&#8221; column_element_spacing=&#8221;default&#8221; desktop_text_alignment=&#8221;default&#8221; tablet_text_alignment=&#8221;default&#8221; phone_text_alignment=&#8221;default&#8221; background_color_opacity=&#8221;1&#8243; background_hover_color_opacity=&#8221;1&#8243; column_backdrop_filter=&#8221;none&#8221; column_shadow=&#8221;none&#8221; column_border_radius=&#8221;none&#8221; column_link_target=&#8221;_self&#8221; overflow=&#8221;visible&#8221; gradient_direction=&#8221;left_to_right&#8221; overlay_strength=&#8221;0.3&#8243; width=&#8221;1\/2&#8243; tablet_width_inherit=&#8221;default&#8221; animation_type=&#8221;default&#8221; bg_image_animation=&#8221;none&#8221; border_type=&#8221;simple&#8221; column_border_width=&#8221;none&#8221; column_border_style=&#8221;solid&#8221; column_padding_type=&#8221;default&#8221; gradient_type=&#8221;default&#8221;][vc_gallery type=&#8221;image_grid&#8221; images=&#8221;1563,1561,1559,1557,1553&#8243; image_grid_loading=&#8221;default&#8221; layout=&#8221;3&#8243; masonry_style=&#8221;true&#8221; bypass_image_cropping=&#8221;true&#8221; item_spacing=&#8221;1px&#8221; gallery_style=&#8221;7&#8243; load_in_animation=&#8221;fade_in_from_bottom&#8221;][\/vc_column_inner][vc_column_inner top_padding_phone=&#8221;40&#8243; column_element_direction_desktop=&#8221;default&#8221; column_element_spacing=&#8221;default&#8221; desktop_text_alignment=&#8221;default&#8221; tablet_text_alignment=&#8221;default&#8221; phone_text_alignment=&#8221;default&#8221; background_color_opacity=&#8221;1&#8243; background_hover_color_opacity=&#8221;1&#8243; column_backdrop_filter=&#8221;none&#8221; column_shadow=&#8221;none&#8221; column_border_radius=&#8221;none&#8221; column_link_target=&#8221;_self&#8221; overflow=&#8221;visible&#8221; gradient_direction=&#8221;left_to_right&#8221; overlay_strength=&#8221;0.3&#8243; width=&#8221;1\/2&#8243; tablet_width_inherit=&#8221;default&#8221; animation_type=&#8221;default&#8221; bg_image_animation=&#8221;none&#8221; border_type=&#8221;simple&#8221; column_border_width=&#8221;none&#8221; column_border_style=&#8221;solid&#8221; column_padding_type=&#8221;advanced&#8221; gradient_type=&#8221;default&#8221;][vc_custom_heading text=&#8221;Toyota Proace Verso&#8221; font_container=&#8221;tag:h1|text_align:left&#8221; use_theme_fonts=&#8221;yes&#8221;][vc_custom_heading text=&#8221;Shuttle RC21&#8243; use_theme_fonts=&#8221;yes&#8221; el_class=&#8221;font400&#8243;][vc_custom_heading text=&#8221;2,0 D-4D manual&#8221; use_theme_fonts=&#8221;yes&#8221;][vc_column_text]The new Toyota ProAce Verso is equipped with &#8216;Toyota Safety Sense&#8217;, a newly developed set of active safety technologies designed to help prevent or mitigate collisions across a wide range of traffic situations. In addition, it has recently been awarded a 5-star Euro NCAP crash test rating.<\/p>\n<p>Mated to a 6-speed automatic transmission, the 130 kW\/180 DIN hp variant of the 2.0 litre unit is the most powerful engine in the new ProAce Verso model range. Equipped with Stop &amp; Start, it generates CO2 emissions of 151-159 g\/km.[\/vc_column_text][nectar_cta btn_style=&#8221;see-through&#8221; heading_tag=&#8221;h6&#8243; button_color=&#8221;accent-color&#8221; text_color=&#8221;#ffffff&#8221; button_border_thickness=&#8221;0px&#8221; link_type=&#8221;regular&#8221; alignment=&#8221;left&#8221; alignment_tablet=&#8221;default&#8221; alignment_phone=&#8221;left&#8221; constrain_group_3=&#8221;yes&#8221; constrain_group_4=&#8221;yes&#8221; display=&#8221;block&#8221; display_tablet=&#8221;inherit&#8221; display_phone=&#8221;inherit&#8221; link_text=&#8221;Request an offer&#8221; padding_top=&#8221;20&#8243; padding_bottom=&#8221;20&#8243; url=&#8221;https:\/\/lunycar.sk\/en\/inquiry-form\/&#8221; margin_top=&#8221;50&#8243; margin_bottom=&#8221;30&#8243; padding_left=&#8221;50&#8243; padding_right=&#8221;50&#8243;][\/vc_column_inner][\/vc_row_inner][\/vc_column][\/vc_row]\n","protected":false},"excerpt":{"rendered":"<p>[vc_row type=&#8221;in_container&#8221; full_screen_row_position=&#8221;middle&#8221; column_margin=&#8221;default&#8221; column_direction=&#8221;default&#8221; column_direction_tablet=&#8221;default&#8221; column_direction_phone=&#8221;default&#8221; scene_position=&#8221;center&#8221; text_color=&#8221;dark&#8221; text_align=&#8221;left&#8221; row_border_radius=&#8221;none&#8221; row_border_radius_applies=&#8221;bg&#8221; overflow=&#8221;visible&#8221; overlay_strength=&#8221;0.3&#8243; gradient_direction=&#8221;left_to_right&#8221; shape_divider_position=&#8221;bottom&#8221; bg_image_animation=&#8221;none&#8221;][vc_column column_padding=&#8221;no-extra-padding&#8221; column_padding_tablet=&#8221;inherit&#8221; column_padding_phone=&#8221;inherit&#8221; column_padding_position=&#8221;all&#8221; column_element_direction_desktop=&#8221;default&#8221; column_element_spacing=&#8221;default&#8221; desktop_text_alignment=&#8221;default&#8221; tablet_text_alignment=&#8221;default&#8221; phone_text_alignment=&#8221;default&#8221; background_color_opacity=&#8221;1&#8243; background_hover_color_opacity=&#8221;1&#8243; column_backdrop_filter=&#8221;none&#8221; column_shadow=&#8221;none&#8221;&#8230;<\/p>\n","protected":false},"author":4,"featured_media":0,"parent":0,"menu_order":0,"comment_status":"closed","ping_status":"closed","template":"","meta":{"inline_featured_image":false,"footnotes":""},"class_list":["post-1587","page","type-page","status-publish"],"yoast_head":"<!-- This site is optimized with the Yoast SEO plugin v26.8 - https:\/\/yoast.com\/product\/yoast-seo-wordpress\/ -->\n<title>rent a car Toyota Proace Verso Shuttle<\/title>\n<meta name=\"description\" content=\"High specification levels include unique, user-friendly equipment such as rail-mounted sliding seats, opening rear tailgate glass, foot-operated automatic sliding side doors and a panoramic roof.\" \/>\n<meta name=\"robots\" content=\"index, follow, max-snippet:-1, max-image-preview:large, max-video-preview:-1\" \/>\n<link rel=\"canonical\" href=\"https:\/\/lunycar.sk\/toyota-proace-verso\/\" \/>\n<meta property=\"og:locale\" content=\"en_US\" \/>\n<meta property=\"og:type\" content=\"article\" \/>\n<meta property=\"og:title\" content=\"rent a car Toyota Proace Verso Shuttle\" \/>\n<meta property=\"og:description\" content=\"High specification levels include unique, user-friendly equipment such as rail-mounted sliding seats, opening rear tailgate glass, foot-operated automatic sliding side doors and a panoramic roof.\" \/>\n<meta property=\"og:url\" content=\"https:\/\/lunycar.sk\/toyota-proace-verso\/\" \/>\n<meta property=\"og:site_name\" content=\"Lunycar\" \/>\n<meta property=\"article:modified_time\" content=\"2024-03-06T14:36:09+00:00\" \/>\n<meta name=\"twitter:card\" content=\"summary_large_image\" \/>\n<meta name=\"twitter:label1\" content=\"Est. reading time\" \/>\n\t<meta name=\"twitter:data1\" content=\"3 minutes\" \/>\n<script type=\"application\/ld+json\" class=\"yoast-schema-graph\">{\"@context\":\"https:\/\/schema.org\",\"@graph\":[{\"@type\":\"WebPage\",\"@id\":\"https:\/\/lunycar.sk\/toyota-proace-verso\/\",\"url\":\"https:\/\/lunycar.sk\/toyota-proace-verso\/\",\"name\":\"rent a car Toyota Proace Verso Shuttle\",\"isPartOf\":{\"@id\":\"https:\/\/lunycar.sk\/#website\"},\"datePublished\":\"2024-03-06T12:14:43+00:00\",\"dateModified\":\"2024-03-06T14:36:09+00:00\",\"description\":\"High specification levels include unique, user-friendly equipment such as rail-mounted sliding seats, opening rear tailgate glass, foot-operated automatic sliding side doors and a panoramic roof.\",\"breadcrumb\":{\"@id\":\"https:\/\/lunycar.sk\/toyota-proace-verso\/#breadcrumb\"},\"inLanguage\":\"en-US\",\"potentialAction\":[{\"@type\":\"ReadAction\",\"target\":[\"https:\/\/lunycar.sk\/toyota-proace-verso\/\"]}]},{\"@type\":\"BreadcrumbList\",\"@id\":\"https:\/\/lunycar.sk\/toyota-proace-verso\/#breadcrumb\",\"itemListElement\":[{\"@type\":\"ListItem\",\"position\":1,\"name\":\"Domovsk\u00e1 str\u00e1nka\",\"item\":\"https:\/\/lunycar.sk\/\"},{\"@type\":\"ListItem\",\"position\":2,\"name\":\"Toyota Proace Verso Shuttle\"}]},{\"@type\":\"WebSite\",\"@id\":\"https:\/\/lunycar.sk\/#website\",\"url\":\"https:\/\/lunycar.sk\/\",\"name\":\"Lunycar\",\"description\":\"Po\u017ei\u010dov\u0148a \u00e1ut\",\"potentialAction\":[{\"@type\":\"SearchAction\",\"target\":{\"@type\":\"EntryPoint\",\"urlTemplate\":\"https:\/\/lunycar.sk\/?s={search_term_string}\"},\"query-input\":{\"@type\":\"PropertyValueSpecification\",\"valueRequired\":true,\"valueName\":\"search_term_string\"}}],\"inLanguage\":\"en-US\"}]}<\/script>\n<!-- \/ Yoast SEO plugin. -->","yoast_head_json":{"title":"rent a car Toyota Proace Verso Shuttle","description":"High specification levels include unique, user-friendly equipment such as rail-mounted sliding seats, opening rear tailgate glass, foot-operated automatic sliding side doors and a panoramic roof.","robots":{"index":"index","follow":"follow","max-snippet":"max-snippet:-1","max-image-preview":"max-image-preview:large","max-video-preview":"max-video-preview:-1"},"canonical":"https:\/\/lunycar.sk\/toyota-proace-verso\/","og_locale":"en_US","og_type":"article","og_title":"rent a car Toyota Proace Verso Shuttle","og_description":"High specification levels include unique, user-friendly equipment such as rail-mounted sliding seats, opening rear tailgate glass, foot-operated automatic sliding side doors and a panoramic roof.","og_url":"https:\/\/lunycar.sk\/toyota-proace-verso\/","og_site_name":"Lunycar","article_modified_time":"2024-03-06T14:36:09+00:00","twitter_card":"summary_large_image","twitter_misc":{"Est. reading time":"3 minutes"},"schema":{"@context":"https:\/\/schema.org","@graph":[{"@type":"WebPage","@id":"https:\/\/lunycar.sk\/toyota-proace-verso\/","url":"https:\/\/lunycar.sk\/toyota-proace-verso\/","name":"rent a car Toyota Proace Verso Shuttle","isPartOf":{"@id":"https:\/\/lunycar.sk\/#website"},"datePublished":"2024-03-06T12:14:43+00:00","dateModified":"2024-03-06T14:36:09+00:00","description":"High specification levels include unique, user-friendly equipment such as rail-mounted sliding seats, opening rear tailgate glass, foot-operated automatic sliding side doors and a panoramic roof.","breadcrumb":{"@id":"https:\/\/lunycar.sk\/toyota-proace-verso\/#breadcrumb"},"inLanguage":"en-US","potentialAction":[{"@type":"ReadAction","target":["https:\/\/lunycar.sk\/toyota-proace-verso\/"]}]},{"@type":"BreadcrumbList","@id":"https:\/\/lunycar.sk\/toyota-proace-verso\/#breadcrumb","itemListElement":[{"@type":"ListItem","position":1,"name":"Domovsk\u00e1 str\u00e1nka","item":"https:\/\/lunycar.sk\/"},{"@type":"ListItem","position":2,"name":"Toyota Proace Verso Shuttle"}]},{"@type":"WebSite","@id":"https:\/\/lunycar.sk\/#website","url":"https:\/\/lunycar.sk\/","name":"Lunycar","description":"Po\u017ei\u010dov\u0148a \u00e1ut","potentialAction":[{"@type":"SearchAction","target":{"@type":"EntryPoint","urlTemplate":"https:\/\/lunycar.sk\/?s={search_term_string}"},"query-input":{"@type":"PropertyValueSpecification","valueRequired":true,"valueName":"search_term_string"}}],"inLanguage":"en-US"}]}},"_links":{"self":[{"href":"https:\/\/lunycar.sk\/en\/wp-json\/wp\/v2\/pages\/1587","targetHints":{"allow":["GET"]}}],"collection":[{"href":"https:\/\/lunycar.sk\/en\/wp-json\/wp\/v2\/pages"}],"about":[{"href":"https:\/\/lunycar.sk\/en\/wp-json\/wp\/v2\/types\/page"}],"author":[{"embeddable":true,"href":"https:\/\/lunycar.sk\/en\/wp-json\/wp\/v2\/users\/4"}],"replies":[{"embeddable":true,"href":"https:\/\/lunycar.sk\/en\/wp-json\/wp\/v2\/comments?post=1587"}],"version-history":[{"count":6,"href":"https:\/\/lunycar.sk\/en\/wp-json\/wp\/v2\/pages\/1587\/revisions"}],"predecessor-version":[{"id":1599,"href":"https:\/\/lunycar.sk\/en\/wp-json\/wp\/v2\/pages\/1587\/revisions\/1599"}],"wp:attachment":[{"href":"https:\/\/lunycar.sk\/en\/wp-json\/wp\/v2\/media?parent=1587"}],"curies":[{"name":"wp","href":"https:\/\/api.w.org\/{rel}","templated":true}]}}