{"id":1498,"date":"2024-01-23T09:48:24","date_gmt":"2024-01-23T08:48:24","guid":{"rendered":"https:\/\/lunycar.sk\/toyota-yaris-15-hybrid-dynamic-force-e-cvt-automat-comfort\/"},"modified":"2024-01-24T14:34:28","modified_gmt":"2024-01-24T13:34:28","slug":"toyota-yaris-15-hybrid-dynamic-force-e-cvt-automat-comfort","status":"publish","type":"page","link":"https:\/\/lunycar.sk\/en\/toyota-yaris-15-hybrid-dynamic-force-e-cvt-automat-comfort\/","title":{"rendered":"Toyota Yaris  1,5 hybrid Dynamic Force E-CVT automat Comfort"},"content":{"rendered":"[vc_row type=&#8221;in_container&#8221; full_screen_row_position=&#8221;middle&#8221; column_margin=&#8221;default&#8221; column_direction=&#8221;default&#8221; column_direction_tablet=&#8221;default&#8221; column_direction_phone=&#8221;default&#8221; scene_position=&#8221;center&#8221; text_color=&#8221;dark&#8221; text_align=&#8221;left&#8221; row_border_radius=&#8221;none&#8221; row_border_radius_applies=&#8221;bg&#8221; overflow=&#8221;visible&#8221; overlay_strength=&#8221;0.3&#8243; gradient_direction=&#8221;left_to_right&#8221; shape_divider_position=&#8221;bottom&#8221; bg_image_animation=&#8221;none&#8221;][vc_column column_padding=&#8221;no-extra-padding&#8221; column_padding_tablet=&#8221;inherit&#8221; column_padding_phone=&#8221;inherit&#8221; column_padding_position=&#8221;all&#8221; column_element_direction_desktop=&#8221;default&#8221; column_element_spacing=&#8221;default&#8221; desktop_text_alignment=&#8221;default&#8221; tablet_text_alignment=&#8221;default&#8221; phone_text_alignment=&#8221;default&#8221; background_color_opacity=&#8221;1&#8243; background_hover_color_opacity=&#8221;1&#8243; column_backdrop_filter=&#8221;none&#8221; column_shadow=&#8221;none&#8221; column_border_radius=&#8221;none&#8221; column_link_target=&#8221;_self&#8221; column_position=&#8221;default&#8221; gradient_direction=&#8221;left_to_right&#8221; overlay_strength=&#8221;0.3&#8243; width=&#8221;1\/1&#8243; tablet_width_inherit=&#8221;default&#8221; animation_type=&#8221;default&#8221; bg_image_animation=&#8221;none&#8221; border_type=&#8221;simple&#8221; column_border_width=&#8221;none&#8221; column_border_style=&#8221;solid&#8221;][vc_row_inner column_margin=&#8221;default&#8221; column_direction=&#8221;default&#8221; column_direction_tablet=&#8221;default&#8221; column_direction_phone=&#8221;default&#8221; text_align=&#8221;left&#8221; row_position=&#8221;default&#8221; row_position_tablet=&#8221;inherit&#8221; row_position_phone=&#8221;inherit&#8221; overflow=&#8221;visible&#8221; pointer_events=&#8221;all&#8221;][vc_column_inner column_padding=&#8221;no-extra-padding&#8221; column_padding_tablet=&#8221;inherit&#8221; column_padding_phone=&#8221;inherit&#8221; column_padding_position=&#8221;all&#8221; column_element_direction_desktop=&#8221;default&#8221; column_element_spacing=&#8221;default&#8221; desktop_text_alignment=&#8221;default&#8221; tablet_text_alignment=&#8221;default&#8221; phone_text_alignment=&#8221;default&#8221; background_color_opacity=&#8221;1&#8243; background_hover_color_opacity=&#8221;1&#8243; column_backdrop_filter=&#8221;none&#8221; column_shadow=&#8221;none&#8221; column_border_radius=&#8221;none&#8221; column_link_target=&#8221;_self&#8221; overflow=&#8221;visible&#8221; gradient_direction=&#8221;left_to_right&#8221; overlay_strength=&#8221;0.3&#8243; width=&#8221;1\/2&#8243; tablet_width_inherit=&#8221;default&#8221; animation_type=&#8221;default&#8221; bg_image_animation=&#8221;none&#8221; border_type=&#8221;simple&#8221; column_border_width=&#8221;none&#8221; column_border_style=&#8221;solid&#8221;][vc_gallery type=&#8221;image_grid&#8221; images=&#8221;1486,1484,1482,1480&#8243; image_grid_loading=&#8221;default&#8221; layout=&#8221;2&#8243; masonry_style=&#8221;true&#8221; bypass_image_cropping=&#8221;true&#8221; item_spacing=&#8221;1px&#8221; gallery_style=&#8221;7&#8243; load_in_animation=&#8221;fade_in_from_bottom&#8221;][\/vc_column_inner][vc_column_inner top_padding_phone=&#8221;40&#8243; column_element_direction_desktop=&#8221;default&#8221; column_element_spacing=&#8221;default&#8221; desktop_text_alignment=&#8221;default&#8221; tablet_text_alignment=&#8221;default&#8221; phone_text_alignment=&#8221;default&#8221; background_color_opacity=&#8221;1&#8243; background_hover_color_opacity=&#8221;1&#8243; column_backdrop_filter=&#8221;none&#8221; column_shadow=&#8221;none&#8221; column_border_radius=&#8221;none&#8221; column_link_target=&#8221;_self&#8221; overflow=&#8221;visible&#8221; gradient_direction=&#8221;left_to_right&#8221; overlay_strength=&#8221;0.3&#8243; width=&#8221;1\/2&#8243; tablet_width_inherit=&#8221;default&#8221; animation_type=&#8221;default&#8221; bg_image_animation=&#8221;none&#8221; border_type=&#8221;simple&#8221; column_border_width=&#8221;none&#8221; column_border_style=&#8221;solid&#8221; column_padding_type=&#8221;advanced&#8221; gradient_type=&#8221;default&#8221;][vc_custom_heading text=&#8221;Toyota Yaris 2022 automat&#8221; font_container=&#8221;tag:h1|text_align:left&#8221; use_theme_fonts=&#8221;yes&#8221;][vc_custom_heading text=&#8221;Comfort + paket Style a Tech&#8221; use_theme_fonts=&#8221;yes&#8221; el_class=&#8221;font400&#8243;][vc_custom_heading text=&#8221;1,5 hybrid Dynamic&#8221; use_theme_fonts=&#8221;yes&#8221;][vc_column_text]The all-new, fourth-generation Toyota Yaris is a car that meets the demands of urban life, but also provides enjoyment on the open road or highway.<\/p>\n<p>It has been designed to be agile on crowded and confined urban streets, reflected in its compact proportions and class-leading, tight turning circle, while at the same time providing a spacious, comfortable and high-quality interior with equipment specifications that meet all today\u2019s customer priorities for connectivity and seamless access to information.<\/p>\n<p>The new model uses the latest evolution of Toyota\u2019s fourth-generation hybrid electric powertrain, giving the car better fuel economy, lower emissions and a greatly enhanced capability to operate on its electric power alone, at higher speeds and over longer distances.<\/p>\n<p>In fact, on urban journeys, new Yaris can operate for a significant amount of the time with zero emissions, just like a battery electric vehicle, but with no concerns about recharging.<\/p>\n<p>Reinforcing its reputation as a segment leader in safety, the Toyota Yaris again raises the standard. True to Toyota\u2019s commitment to democratising safety, it benefits from a greater range of Toyota Safety Sense active systems as standard, including Advanced Driver Assistance Systems (ADAS), such as Lane Trace Assist, Emergency Steering Assist<\/p>\n<p>85 kW<br \/>\ncolor silver<br \/>\nLuggage compartment volume 286 l<br \/>\nconsumption 3,8-4,9 l\/100 km<\/p>\n<p>LED daytime running lights + halogen, intelligent adaptive cruise control IACC, pre-collision safety system, rear parking camera, front and rear parking sensors with obstacle recognition function, color 7\u2033 multi-information TFT display, support for Apple CarPlay and Android Auto with wireless connection, navigation, Paket Tech , Package Style<\/p>\n[\/vc_column_text][nectar_cta btn_style=&#8221;see-through&#8221; heading_tag=&#8221;h6&#8243; button_color=&#8221;accent-color&#8221; text_color=&#8221;#ffffff&#8221; button_border_thickness=&#8221;0px&#8221; link_type=&#8221;regular&#8221; alignment=&#8221;left&#8221; alignment_tablet=&#8221;default&#8221; alignment_phone=&#8221;left&#8221; constrain_group_3=&#8221;yes&#8221; constrain_group_4=&#8221;yes&#8221; display=&#8221;block&#8221; display_tablet=&#8221;inherit&#8221; display_phone=&#8221;inherit&#8221; link_text=&#8221;Request an offer&#8221; padding_top=&#8221;20&#8243; padding_bottom=&#8221;20&#8243; url=&#8221;https:\/\/lunycar.sk\/dopytovy-formular\/&#8221; margin_top=&#8221;50&#8243; margin_bottom=&#8221;30&#8243; padding_left=&#8221;50&#8243; padding_right=&#8221;50&#8243;][\/vc_column_inner][\/vc_row_inner][\/vc_column][\/vc_row]\n","protected":false},"excerpt":{"rendered":"<p>[vc_row type=&#8221;in_container&#8221; full_screen_row_position=&#8221;middle&#8221; column_margin=&#8221;default&#8221; column_direction=&#8221;default&#8221; column_direction_tablet=&#8221;default&#8221; column_direction_phone=&#8221;default&#8221; scene_position=&#8221;center&#8221; text_color=&#8221;dark&#8221; text_align=&#8221;left&#8221; row_border_radius=&#8221;none&#8221; row_border_radius_applies=&#8221;bg&#8221; overflow=&#8221;visible&#8221; overlay_strength=&#8221;0.3&#8243; gradient_direction=&#8221;left_to_right&#8221; shape_divider_position=&#8221;bottom&#8221; bg_image_animation=&#8221;none&#8221;][vc_column column_padding=&#8221;no-extra-padding&#8221; column_padding_tablet=&#8221;inherit&#8221; column_padding_phone=&#8221;inherit&#8221; column_padding_position=&#8221;all&#8221; column_element_direction_desktop=&#8221;default&#8221; column_element_spacing=&#8221;default&#8221; desktop_text_alignment=&#8221;default&#8221; tablet_text_alignment=&#8221;default&#8221; phone_text_alignment=&#8221;default&#8221; background_color_opacity=&#8221;1&#8243; background_hover_color_opacity=&#8221;1&#8243; column_backdrop_filter=&#8221;none&#8221; column_shadow=&#8221;none&#8221;&#8230;<\/p>\n","protected":false},"author":4,"featured_media":0,"parent":0,"menu_order":0,"comment_status":"closed","ping_status":"closed","template":"","meta":{"inline_featured_image":false,"footnotes":""},"class_list":["post-1498","page","type-page","status-publish"],"yoast_head":"<!-- This site is optimized with the Yoast SEO plugin v26.8 - https:\/\/yoast.com\/product\/yoast-seo-wordpress\/ -->\n<title>Toyota Yaris \/ Car retal Lunycar<\/title>\n<meta name=\"description\" content=\"The all-new, fourth-generation Toyota Yaris is a car that meets the demands of urban life, but also provides enjoyment on the open road or highway.\" \/>\n<meta name=\"robots\" content=\"index, follow, max-snippet:-1, max-image-preview:large, max-video-preview:-1\" \/>\n<link rel=\"canonical\" href=\"https:\/\/lunycar.sk\/en\/toyota-yaris-15-hybrid-dynamic-force-e-cvt-automat-comfort\/\" \/>\n<meta property=\"og:locale\" content=\"en_US\" \/>\n<meta property=\"og:type\" content=\"article\" \/>\n<meta property=\"og:title\" content=\"Toyota Yaris \/ Car retal Lunycar\" \/>\n<meta property=\"og:description\" content=\"The all-new, fourth-generation Toyota Yaris is a car that meets the demands of urban life, but also provides enjoyment on the open road or highway.\" \/>\n<meta property=\"og:url\" content=\"https:\/\/lunycar.sk\/en\/toyota-yaris-15-hybrid-dynamic-force-e-cvt-automat-comfort\/\" \/>\n<meta property=\"og:site_name\" content=\"Lunycar\" \/>\n<meta property=\"article:modified_time\" content=\"2024-01-24T13:34:28+00:00\" \/>\n<meta name=\"twitter:card\" content=\"summary_large_image\" \/>\n<meta name=\"twitter:label1\" content=\"Est. reading time\" \/>\n\t<meta name=\"twitter:data1\" content=\"3 minutes\" \/>\n<script type=\"application\/ld+json\" class=\"yoast-schema-graph\">{\"@context\":\"https:\/\/schema.org\",\"@graph\":[{\"@type\":\"WebPage\",\"@id\":\"https:\/\/lunycar.sk\/en\/toyota-yaris-15-hybrid-dynamic-force-e-cvt-automat-comfort\/\",\"url\":\"https:\/\/lunycar.sk\/en\/toyota-yaris-15-hybrid-dynamic-force-e-cvt-automat-comfort\/\",\"name\":\"Toyota Yaris \/ Car retal Lunycar\",\"isPartOf\":{\"@id\":\"https:\/\/lunycar.sk\/#website\"},\"datePublished\":\"2024-01-23T08:48:24+00:00\",\"dateModified\":\"2024-01-24T13:34:28+00:00\",\"description\":\"The all-new, fourth-generation Toyota Yaris is a car that meets the demands of urban life, but also provides enjoyment on the open road or highway.\",\"breadcrumb\":{\"@id\":\"https:\/\/lunycar.sk\/en\/toyota-yaris-15-hybrid-dynamic-force-e-cvt-automat-comfort\/#breadcrumb\"},\"inLanguage\":\"en-US\",\"potentialAction\":[{\"@type\":\"ReadAction\",\"target\":[\"https:\/\/lunycar.sk\/en\/toyota-yaris-15-hybrid-dynamic-force-e-cvt-automat-comfort\/\"]}]},{\"@type\":\"BreadcrumbList\",\"@id\":\"https:\/\/lunycar.sk\/en\/toyota-yaris-15-hybrid-dynamic-force-e-cvt-automat-comfort\/#breadcrumb\",\"itemListElement\":[{\"@type\":\"ListItem\",\"position\":1,\"name\":\"Domovsk\u00e1 str\u00e1nka\",\"item\":\"https:\/\/lunycar.sk\/\"},{\"@type\":\"ListItem\",\"position\":2,\"name\":\"Toyota Yaris 1,5 hybrid Dynamic Force E-CVT automat Comfort\"}]},{\"@type\":\"WebSite\",\"@id\":\"https:\/\/lunycar.sk\/#website\",\"url\":\"https:\/\/lunycar.sk\/\",\"name\":\"Lunycar\",\"description\":\"Po\u017ei\u010dov\u0148a \u00e1ut\",\"potentialAction\":[{\"@type\":\"SearchAction\",\"target\":{\"@type\":\"EntryPoint\",\"urlTemplate\":\"https:\/\/lunycar.sk\/?s={search_term_string}\"},\"query-input\":{\"@type\":\"PropertyValueSpecification\",\"valueRequired\":true,\"valueName\":\"search_term_string\"}}],\"inLanguage\":\"en-US\"}]}<\/script>\n<!-- \/ Yoast SEO plugin. -->","yoast_head_json":{"title":"Toyota Yaris \/ Car retal Lunycar","description":"The all-new, fourth-generation Toyota Yaris is a car that meets the demands of urban life, but also provides enjoyment on the open road or highway.","robots":{"index":"index","follow":"follow","max-snippet":"max-snippet:-1","max-image-preview":"max-image-preview:large","max-video-preview":"max-video-preview:-1"},"canonical":"https:\/\/lunycar.sk\/en\/toyota-yaris-15-hybrid-dynamic-force-e-cvt-automat-comfort\/","og_locale":"en_US","og_type":"article","og_title":"Toyota Yaris \/ Car retal Lunycar","og_description":"The all-new, fourth-generation Toyota Yaris is a car that meets the demands of urban life, but also provides enjoyment on the open road or highway.","og_url":"https:\/\/lunycar.sk\/en\/toyota-yaris-15-hybrid-dynamic-force-e-cvt-automat-comfort\/","og_site_name":"Lunycar","article_modified_time":"2024-01-24T13:34:28+00:00","twitter_card":"summary_large_image","twitter_misc":{"Est. reading time":"3 minutes"},"schema":{"@context":"https:\/\/schema.org","@graph":[{"@type":"WebPage","@id":"https:\/\/lunycar.sk\/en\/toyota-yaris-15-hybrid-dynamic-force-e-cvt-automat-comfort\/","url":"https:\/\/lunycar.sk\/en\/toyota-yaris-15-hybrid-dynamic-force-e-cvt-automat-comfort\/","name":"Toyota Yaris \/ Car retal Lunycar","isPartOf":{"@id":"https:\/\/lunycar.sk\/#website"},"datePublished":"2024-01-23T08:48:24+00:00","dateModified":"2024-01-24T13:34:28+00:00","description":"The all-new, fourth-generation Toyota Yaris is a car that meets the demands of urban life, but also provides enjoyment on the open road or highway.","breadcrumb":{"@id":"https:\/\/lunycar.sk\/en\/toyota-yaris-15-hybrid-dynamic-force-e-cvt-automat-comfort\/#breadcrumb"},"inLanguage":"en-US","potentialAction":[{"@type":"ReadAction","target":["https:\/\/lunycar.sk\/en\/toyota-yaris-15-hybrid-dynamic-force-e-cvt-automat-comfort\/"]}]},{"@type":"BreadcrumbList","@id":"https:\/\/lunycar.sk\/en\/toyota-yaris-15-hybrid-dynamic-force-e-cvt-automat-comfort\/#breadcrumb","itemListElement":[{"@type":"ListItem","position":1,"name":"Domovsk\u00e1 str\u00e1nka","item":"https:\/\/lunycar.sk\/"},{"@type":"ListItem","position":2,"name":"Toyota Yaris 1,5 hybrid Dynamic Force E-CVT automat Comfort"}]},{"@type":"WebSite","@id":"https:\/\/lunycar.sk\/#website","url":"https:\/\/lunycar.sk\/","name":"Lunycar","description":"Po\u017ei\u010dov\u0148a \u00e1ut","potentialAction":[{"@type":"SearchAction","target":{"@type":"EntryPoint","urlTemplate":"https:\/\/lunycar.sk\/?s={search_term_string}"},"query-input":{"@type":"PropertyValueSpecification","valueRequired":true,"valueName":"search_term_string"}}],"inLanguage":"en-US"}]}},"_links":{"self":[{"href":"https:\/\/lunycar.sk\/en\/wp-json\/wp\/v2\/pages\/1498","targetHints":{"allow":["GET"]}}],"collection":[{"href":"https:\/\/lunycar.sk\/en\/wp-json\/wp\/v2\/pages"}],"about":[{"href":"https:\/\/lunycar.sk\/en\/wp-json\/wp\/v2\/types\/page"}],"author":[{"embeddable":true,"href":"https:\/\/lunycar.sk\/en\/wp-json\/wp\/v2\/users\/4"}],"replies":[{"embeddable":true,"href":"https:\/\/lunycar.sk\/en\/wp-json\/wp\/v2\/comments?post=1498"}],"version-history":[{"count":3,"href":"https:\/\/lunycar.sk\/en\/wp-json\/wp\/v2\/pages\/1498\/revisions"}],"predecessor-version":[{"id":1512,"href":"https:\/\/lunycar.sk\/en\/wp-json\/wp\/v2\/pages\/1498\/revisions\/1512"}],"wp:attachment":[{"href":"https:\/\/lunycar.sk\/en\/wp-json\/wp\/v2\/media?parent=1498"}],"curies":[{"name":"wp","href":"https:\/\/api.w.org\/{rel}","templated":true}]}}